{"id":16475,"date":"2025-03-04T10:27:10","date_gmt":"2025-03-04T10:27:10","guid":{"rendered":"https:\/\/myxomix.de\/widerruftsrecht\/"},"modified":"2026-01-17T16:40:15","modified_gmt":"2026-01-17T16:40:15","slug":"widerruftsrecht","status":"publish","type":"page","link":"https:\/\/myxomix.de\/en\/widerruftsrecht\/","title":{"rendered":"Widerrufsrecht"},"content":{"rendered":"\t\t<div data-elementor-type=\"wp-page\" data-elementor-id=\"16475\" class=\"elementor elementor-16475 elementor-16043\">\n\t\t\t\t<div class=\"wd-negative-gap elementor-element elementor-element-5f96ac2 e-flex e-con-boxed e-con e-parent\" data-id=\"5f96ac2\" data-element_type=\"container\" data-e-type=\"container\">\n\t\t\t\t\t<div class=\"e-con-inner\">\n\t\t\t\t<div class=\"elementor-element elementor-element-8bba7fa elementor-widget elementor-widget-wd_text_block\" data-id=\"8bba7fa\" data-element_type=\"widget\" data-e-type=\"widget\" data-widget_type=\"wd_text_block.default\">\n\t\t\t\t<div class=\"elementor-widget-container\">\n\t\t\t\t\t\t\t<div class=\"wd-text-block reset-last-child text-left\">\n\t\t\t\n\t\t\t<p><strong>R\u00fcckgaberecht<\/strong><\/p><p>Wir gew\u00e4hren ein 14-t\u00e4giges R\u00fcckgaberecht. Das bedeutet, dass du nach Erhalt deines Artikels 14&nbsp;Tage Zeit hast, um eine R\u00fcckgabe anzufordern.<\/p><p>Um f\u00fcr eine R\u00fcckgabe berechtigt zu sein, muss sich der Artikel in demselben Zustand befinden, in dem du ihn erhalten hast, ungetragen, ungenutzt und mit Etiketten versehen sein und sich in der Originalverpackung befinden. Au\u00dferdem ben\u00f6tigst du den Beleg oder einen anderen Kaufnachweis.<\/p><p>Um eine R\u00fcckgabe einzuleiten, kannst du uns unter&nbsp;<a href=\"mailto:info@fliegenpilz-onlineshop.de\">info@myxomix.de<\/a>&nbsp;kontaktieren. Bitte beachte, dass R\u00fcckgaben an die folgende Adresse gesendet werden m\u00fcssen:&nbsp;<\/p><p><strong>Myxomix<\/strong><br>Vassili Verenitch<br>Kabem\u00fchle 2<\/p><p>34369 Hofgeismar<\/p><p><strong>Europ\u00e4ische Union&nbsp;\u2013 14-t\u00e4gige Widerrufsfrist<\/strong><br>Ungeachtet dessen hast du das Recht, deine Bestellung innerhalb von 14&nbsp;Tagen ohne Angabe von Gr\u00fcnden zu stornieren oder zur\u00fcckzugeben, wenn die Ware in die Europ\u00e4ische Union versendet wird. Wie oben beschrieben, muss sich der Artikel in demselben Zustand befinden, in dem du ihn erhalten hast, ungetragen, ungenutzt und mit Etiketten versehen sein und sich in der Originalverpackung befinden. Au\u00dferdem ben\u00f6tigst du den Beleg oder einen anderen Kaufnachweis.<\/p><p><strong>R\u00fcckerstattungen<\/strong><\/p><ul><li>Sobald wir deine R\u00fccksendung erhalten und gepr\u00fcft haben, informieren wir dich per E-Mail \u00fcber den Status der R\u00fcckerstattung.<\/li><li>Genehmigte R\u00fcckerstattungen erfolgen innerhalb von&nbsp;<strong>10 Werktagen<\/strong>&nbsp;\u00fcber die urspr\u00fcngliche Zahlungsmethode.<\/li><\/ul>\n\t\t\t\t\t<\/div>\n\t\t\t\t\t\t<\/div>\n\t\t\t\t<\/div>\n\t\t\t\t\t<\/div>\n\t\t\t\t<\/div>\n\t\t\t\t<\/div>\n\t\t","protected":false},"excerpt":{"rendered":"<p>R\u00fcckgaberecht Wir gew\u00e4hren ein 14-t\u00e4giges R\u00fcckgaberecht. Das bedeutet, dass du nach Erhalt deines Artikels 14&nbsp;Tage Zeit hast, um eine R\u00fcckgabe<\/p>\n","protected":false},"author":1,"featured_media":0,"parent":0,"menu_order":0,"comment_status":"closed","ping_status":"closed","template":"","meta":{"footnotes":""},"class_list":["post-16475","page","type-page","status-publish","hentry"],"yoast_head":"<!-- This site is optimized with the Yoast SEO plugin v27.0 - https:\/\/yoast.com\/product\/yoast-seo-wordpress\/ -->\n<title>Widerrufsrecht - Amanita muscaria shop<\/title>\n<meta name=\"robots\" content=\"index, follow, max-snippet:-1, max-image-preview:large, max-video-preview:-1\" \/>\n<link rel=\"canonical\" href=\"https:\/\/myxomix.de\/en\/widerruftsrecht\/\" \/>\n<meta property=\"og:locale\" content=\"en_US\" \/>\n<meta property=\"og:type\" content=\"article\" \/>\n<meta property=\"og:title\" content=\"Widerrufsrecht - Amanita muscaria shop\" \/>\n<meta property=\"og:description\" content=\"R\u00fcckgaberecht Wir gew\u00e4hren ein 14-t\u00e4giges R\u00fcckgaberecht. Das bedeutet, dass du nach Erhalt deines Artikels 14&nbsp;Tage Zeit hast, um eine R\u00fcckgabe\" \/>\n<meta property=\"og:url\" content=\"https:\/\/myxomix.de\/en\/widerruftsrecht\/\" \/>\n<meta property=\"og:site_name\" content=\"Amanita muscaria shop\" \/>\n<meta property=\"article:modified_time\" content=\"2026-01-17T16:40:15+00:00\" \/>\n<meta name=\"twitter:card\" content=\"summary_large_image\" \/>\n<meta name=\"twitter:label1\" content=\"Est. reading time\" \/>\n\t<meta name=\"twitter:data1\" content=\"1 minute\" \/>\n<script type=\"application\/ld+json\" class=\"yoast-schema-graph\">{\"@context\":\"https:\/\/schema.org\",\"@graph\":[{\"@type\":\"WebPage\",\"@id\":\"https:\/\/myxomix.de\/en\/widerruftsrecht\/\",\"url\":\"https:\/\/myxomix.de\/en\/widerruftsrecht\/\",\"name\":\"Widerrufsrecht - Amanita muscaria shop\",\"isPartOf\":{\"@id\":\"https:\/\/myxomix.de\/en\/#website\"},\"datePublished\":\"2025-03-04T10:27:10+00:00\",\"dateModified\":\"2026-01-17T16:40:15+00:00\",\"breadcrumb\":{\"@id\":\"https:\/\/myxomix.de\/en\/widerruftsrecht\/#breadcrumb\"},\"inLanguage\":\"en-US\",\"potentialAction\":[{\"@type\":\"ReadAction\",\"target\":[\"https:\/\/myxomix.de\/en\/widerruftsrecht\/\"]}]},{\"@type\":\"BreadcrumbList\",\"@id\":\"https:\/\/myxomix.de\/en\/widerruftsrecht\/#breadcrumb\",\"itemListElement\":[{\"@type\":\"ListItem\",\"position\":1,\"name\":\"Home\",\"item\":\"https:\/\/myxomix.de\/en\/\"},{\"@type\":\"ListItem\",\"position\":2,\"name\":\"Widerrufsrecht\"}]},{\"@type\":\"WebSite\",\"@id\":\"https:\/\/myxomix.de\/en\/#website\",\"url\":\"https:\/\/myxomix.de\/en\/\",\"name\":\"Amanita muscaria shop\",\"description\":\"Wir bieten trockene, hochwertige H\u00fcte des Roten Fliegenpilzes (Amanita muscaria) an.\",\"publisher\":{\"@id\":\"https:\/\/myxomix.de\/en\/#organization\"},\"potentialAction\":[{\"@type\":\"SearchAction\",\"target\":{\"@type\":\"EntryPoint\",\"urlTemplate\":\"https:\/\/myxomix.de\/en\/?s={search_term_string}\"},\"query-input\":{\"@type\":\"PropertyValueSpecification\",\"valueRequired\":true,\"valueName\":\"search_term_string\"}}],\"inLanguage\":\"en-US\"},{\"@type\":\"Organization\",\"@id\":\"https:\/\/myxomix.de\/en\/#organization\",\"name\":\"Amanita muscaria shop\",\"url\":\"https:\/\/myxomix.de\/en\/\",\"logo\":{\"@type\":\"ImageObject\",\"inLanguage\":\"en-US\",\"@id\":\"https:\/\/myxomix.de\/en\/#\/schema\/logo\/image\/\",\"url\":\"https:\/\/myxomix.de\/wp-content\/uploads\/2024\/11\/logo-300x200-1.webp\",\"contentUrl\":\"https:\/\/myxomix.de\/wp-content\/uploads\/2024\/11\/logo-300x200-1.webp\",\"width\":303,\"height\":234,\"caption\":\"Amanita muscaria shop\"},\"image\":{\"@id\":\"https:\/\/myxomix.de\/en\/#\/schema\/logo\/image\/\"}}]}<\/script>\n<!-- \/ Yoast SEO plugin. -->","yoast_head_json":{"title":"Widerrufsrecht - Amanita muscaria shop","robots":{"index":"index","follow":"follow","max-snippet":"max-snippet:-1","max-image-preview":"max-image-preview:large","max-video-preview":"max-video-preview:-1"},"canonical":"https:\/\/myxomix.de\/en\/widerruftsrecht\/","og_locale":"en_US","og_type":"article","og_title":"Widerrufsrecht - Amanita muscaria shop","og_description":"R\u00fcckgaberecht Wir gew\u00e4hren ein 14-t\u00e4giges R\u00fcckgaberecht. Das bedeutet, dass du nach Erhalt deines Artikels 14&nbsp;Tage Zeit hast, um eine R\u00fcckgabe","og_url":"https:\/\/myxomix.de\/en\/widerruftsrecht\/","og_site_name":"Amanita muscaria shop","article_modified_time":"2026-01-17T16:40:15+00:00","twitter_card":"summary_large_image","twitter_misc":{"Est. reading time":"1 minute"},"schema":{"@context":"https:\/\/schema.org","@graph":[{"@type":"WebPage","@id":"https:\/\/myxomix.de\/en\/widerruftsrecht\/","url":"https:\/\/myxomix.de\/en\/widerruftsrecht\/","name":"Widerrufsrecht - Amanita muscaria shop","isPartOf":{"@id":"https:\/\/myxomix.de\/en\/#website"},"datePublished":"2025-03-04T10:27:10+00:00","dateModified":"2026-01-17T16:40:15+00:00","breadcrumb":{"@id":"https:\/\/myxomix.de\/en\/widerruftsrecht\/#breadcrumb"},"inLanguage":"en-US","potentialAction":[{"@type":"ReadAction","target":["https:\/\/myxomix.de\/en\/widerruftsrecht\/"]}]},{"@type":"BreadcrumbList","@id":"https:\/\/myxomix.de\/en\/widerruftsrecht\/#breadcrumb","itemListElement":[{"@type":"ListItem","position":1,"name":"Home","item":"https:\/\/myxomix.de\/en\/"},{"@type":"ListItem","position":2,"name":"Widerrufsrecht"}]},{"@type":"WebSite","@id":"https:\/\/myxomix.de\/en\/#website","url":"https:\/\/myxomix.de\/en\/","name":"Amanita muscaria shop","description":"Wir bieten trockene, hochwertige H\u00fcte des Roten Fliegenpilzes (Amanita muscaria) an.","publisher":{"@id":"https:\/\/myxomix.de\/en\/#organization"},"potentialAction":[{"@type":"SearchAction","target":{"@type":"EntryPoint","urlTemplate":"https:\/\/myxomix.de\/en\/?s={search_term_string}"},"query-input":{"@type":"PropertyValueSpecification","valueRequired":true,"valueName":"search_term_string"}}],"inLanguage":"en-US"},{"@type":"Organization","@id":"https:\/\/myxomix.de\/en\/#organization","name":"Amanita muscaria shop","url":"https:\/\/myxomix.de\/en\/","logo":{"@type":"ImageObject","inLanguage":"en-US","@id":"https:\/\/myxomix.de\/en\/#\/schema\/logo\/image\/","url":"https:\/\/myxomix.de\/wp-content\/uploads\/2024\/11\/logo-300x200-1.webp","contentUrl":"https:\/\/myxomix.de\/wp-content\/uploads\/2024\/11\/logo-300x200-1.webp","width":303,"height":234,"caption":"Amanita muscaria shop"},"image":{"@id":"https:\/\/myxomix.de\/en\/#\/schema\/logo\/image\/"}}]}},"_links":{"self":[{"href":"https:\/\/myxomix.de\/en\/wp-json\/wp\/v2\/pages\/16475","targetHints":{"allow":["GET"]}}],"collection":[{"href":"https:\/\/myxomix.de\/en\/wp-json\/wp\/v2\/pages"}],"about":[{"href":"https:\/\/myxomix.de\/en\/wp-json\/wp\/v2\/types\/page"}],"author":[{"embeddable":true,"href":"https:\/\/myxomix.de\/en\/wp-json\/wp\/v2\/users\/1"}],"replies":[{"embeddable":true,"href":"https:\/\/myxomix.de\/en\/wp-json\/wp\/v2\/comments?post=16475"}],"version-history":[{"count":1,"href":"https:\/\/myxomix.de\/en\/wp-json\/wp\/v2\/pages\/16475\/revisions"}],"predecessor-version":[{"id":17938,"href":"https:\/\/myxomix.de\/en\/wp-json\/wp\/v2\/pages\/16475\/revisions\/17938"}],"wp:attachment":[{"href":"https:\/\/myxomix.de\/en\/wp-json\/wp\/v2\/media?parent=16475"}],"curies":[{"name":"wp","href":"https:\/\/api.w.org\/{rel}","templated":true}]}}