{"id":16512,"date":"2024-12-04T19:03:08","date_gmt":"2024-12-04T19:03:08","guid":{"rendered":"https:\/\/myxomix.de\/product\/getrocknete-fliegenpilze-amanita-pantherina\/"},"modified":"2026-02-10T12:33:07","modified_gmt":"2026-02-10T12:33:07","slug":"getrocknete-fliegenpilze-amanita-pantherina","status":"publish","type":"product","link":"https:\/\/myxomix.de\/en\/product\/getrocknete-fliegenpilze-amanita-pantherina\/","title":{"rendered":"Dried panther mushrooms (Amanita pantherina)"},"content":{"rendered":"\t\t<div data-elementor-type=\"wp-post\" data-elementor-id=\"16512\" class=\"elementor elementor-16512 elementor-15957\">\n\t\t\t\t<div class=\"wd-negative-gap elementor-element elementor-element-53eea44 e-flex e-con-boxed e-con e-parent\" data-id=\"53eea44\" data-element_type=\"container\" data-e-type=\"container\">\n\t\t\t\t\t<div class=\"e-con-inner\">\n\t\t<div class=\"elementor-element elementor-element-cc8e042 e-con-full e-flex e-con e-child\" data-id=\"cc8e042\" data-element_type=\"container\" data-e-type=\"container\">\n\t\t\t\t<div class=\"elementor-element elementor-element-4a8a87a elementor-widget elementor-widget-wd_text_block\" data-id=\"4a8a87a\" data-element_type=\"widget\" data-e-type=\"widget\" data-widget_type=\"wd_text_block.default\">\n\t\t\t\t<div class=\"elementor-widget-container\">\n\t\t\t\t\t\t\t<div class=\"wd-text-block reset-last-child text-left\">\n\t\t\t\n\t\t\t<p><strong>Special features:<\/strong><\/p><ul><li>Natural product from ecologically pure regions of Europe<\/li><li>Professional drying at low temperatures<\/li><li>Perfect for collectors and aesthetes<\/li><li>Storage away from air and light<\/li><\/ul>\n\t\t\t\t\t<\/div>\n\t\t\t\t\t\t<\/div>\n\t\t\t\t<\/div>\n\t\t\t\t<\/div>\n\t\t<div class=\"elementor-element elementor-element-2136194 e-con-full e-flex e-con e-child\" data-id=\"2136194\" data-element_type=\"container\" data-e-type=\"container\">\n\t\t\t\t<div class=\"elementor-element elementor-element-04087fa elementor-widget elementor-widget-image\" data-id=\"04087fa\" data-element_type=\"widget\" data-e-type=\"widget\" data-widget_type=\"image.default\">\n\t\t\t\t<div class=\"elementor-widget-container\">\n\t\t\t\t\t\t\t\t\t\t\t\t\t\t\t<img loading=\"lazy\" decoding=\"async\" width=\"512\" height=\"512\" src=\"https:\/\/myxomix.de\/wp-content\/uploads\/2024\/12\/getrocknete-fliegenpilze.webp\" class=\"attachment-large size-large wp-image-16414\" alt=\"\" srcset=\"https:\/\/myxomix.de\/wp-content\/uploads\/2024\/12\/getrocknete-fliegenpilze.webp 512w, https:\/\/myxomix.de\/wp-content\/uploads\/2024\/12\/getrocknete-fliegenpilze-300x300.webp 300w, https:\/\/myxomix.de\/wp-content\/uploads\/2024\/12\/getrocknete-fliegenpilze-150x150.webp 150w, https:\/\/myxomix.de\/wp-content\/uploads\/2024\/12\/getrocknete-fliegenpilze-430x430.webp 430w\" sizes=\"auto, (max-width: 512px) 100vw, 512px\" \/>\t\t\t\t\t\t\t\t\t\t\t\t\t\t\t<\/div>\n\t\t\t\t<\/div>\n\t\t\t\t<\/div>\n\t\t<div class=\"elementor-element elementor-element-8c3f522 e-con-full e-flex e-con e-child\" data-id=\"8c3f522\" data-element_type=\"container\" data-e-type=\"container\">\n\t\t\t\t<\/div>\n\t\t\t\t\t<\/div>\n\t\t\t\t<\/div>\n\t\t\t\t<\/div>\n\t\t","protected":false},"excerpt":{"rendered":"<p>Getrocknete H\u00fcte des\u00a0<b>Pantherpilzes<\/b>\u00a0(<i>Amanita pantherina<\/i>) \u2013 ein hochwertiges Naturprodukt, gesammelt in den sauberen W\u00e4ldern Europas. Die Pilze durchlaufen einen sorgf\u00e4ltigen Trocknungsprozess in professionellen Trocknern bei einer Temperatur von 40-45 Grad, wodurch ihre nat\u00fcrlichen Eigenschaften und die Textur bewahrt werden. Dank der speziellen Verarbeitung werden die H\u00fcte ohne Luft- und Lichteinwirkung gelagert, was eine lange Haltbarkeit und gleichbleibende Qualit\u00e4t gew\u00e4hrleistet.<\/p>\n<p>Bestellen Sie jetzt &#8211; der Versand innerhalb Deutschlands ist kostenlos! F\u00fcr Stammkunden halten wir einen besonderen Rabatt bereit.<\/p>\n","protected":false},"featured_media":16414,"template":"","meta":[],"product_brand":[],"product_cat":[90],"product_tag":[92],"class_list":{"0":"post-16512","1":"product","2":"type-product","3":"status-publish","4":"has-post-thumbnail","6":"product_cat-mushrooms","7":"product_tag-mushrooms","9":"first","10":"instock","11":"shipping-taxable","12":"purchasable","13":"product-type-variable"},"yoast_head":"<!-- This site is optimized with the Yoast SEO plugin v27.0 - https:\/\/yoast.com\/product\/yoast-seo-wordpress\/ -->\n<title>Dried panther mushrooms (Amanita pantherina) - Amanita muscaria shop<\/title>\n<meta name=\"robots\" content=\"index, follow, max-snippet:-1, max-image-preview:large, max-video-preview:-1\" \/>\n<link rel=\"canonical\" href=\"https:\/\/myxomix.de\/en\/product\/getrocknete-fliegenpilze-amanita-pantherina\/\" \/>\n<meta property=\"og:locale\" content=\"en_US\" \/>\n<meta property=\"og:type\" content=\"article\" \/>\n<meta property=\"og:title\" content=\"Dried panther mushrooms (Amanita pantherina) - Amanita muscaria shop\" \/>\n<meta property=\"og:description\" content=\"Getrocknete H\u00fcte des\u00a0Pantherpilzes\u00a0(Amanita pantherina) \u2013 ein hochwertiges Naturprodukt, gesammelt in den sauberen W\u00e4ldern Europas. Die Pilze durchlaufen einen sorgf\u00e4ltigen Trocknungsprozess in professionellen Trocknern bei einer Temperatur von 40-45 Grad, wodurch ihre nat\u00fcrlichen Eigenschaften und die Textur bewahrt werden. Dank der speziellen Verarbeitung werden die H\u00fcte ohne Luft- und Lichteinwirkung gelagert, was eine lange Haltbarkeit und gleichbleibende Qualit\u00e4t gew\u00e4hrleistet.  Bestellen Sie jetzt - der Versand innerhalb Deutschlands ist kostenlos! F\u00fcr Stammkunden halten wir einen besonderen Rabatt bereit.\" \/>\n<meta property=\"og:url\" content=\"https:\/\/myxomix.de\/en\/product\/getrocknete-fliegenpilze-amanita-pantherina\/\" \/>\n<meta property=\"og:site_name\" content=\"Amanita muscaria shop\" \/>\n<meta property=\"article:modified_time\" content=\"2026-02-10T12:33:07+00:00\" \/>\n<meta property=\"og:image\" content=\"https:\/\/myxomix.de\/wp-content\/uploads\/2024\/12\/getrocknete-fliegenpilze.webp\" \/>\n\t<meta property=\"og:image:width\" content=\"512\" \/>\n\t<meta property=\"og:image:height\" content=\"512\" \/>\n\t<meta property=\"og:image:type\" content=\"image\/webp\" \/>\n<meta name=\"twitter:card\" content=\"summary_large_image\" \/>\n<meta name=\"twitter:label1\" content=\"Est. reading time\" \/>\n\t<meta name=\"twitter:data1\" content=\"1 minute\" \/>\n<script type=\"application\/ld+json\" class=\"yoast-schema-graph\">{\"@context\":\"https:\/\/schema.org\",\"@graph\":[{\"@type\":\"WebPage\",\"@id\":\"https:\/\/myxomix.de\/en\/product\/getrocknete-fliegenpilze-amanita-pantherina\/\",\"url\":\"https:\/\/myxomix.de\/en\/product\/getrocknete-fliegenpilze-amanita-pantherina\/\",\"name\":\"Dried panther mushrooms (Amanita pantherina) - Amanita muscaria shop\",\"isPartOf\":{\"@id\":\"https:\/\/myxomix.de\/en\/#website\"},\"primaryImageOfPage\":{\"@id\":\"https:\/\/myxomix.de\/en\/product\/getrocknete-fliegenpilze-amanita-pantherina\/#primaryimage\"},\"image\":{\"@id\":\"https:\/\/myxomix.de\/en\/product\/getrocknete-fliegenpilze-amanita-pantherina\/#primaryimage\"},\"thumbnailUrl\":\"https:\/\/myxomix.de\/wp-content\/uploads\/2024\/12\/getrocknete-fliegenpilze.webp\",\"datePublished\":\"2024-12-04T19:03:08+00:00\",\"dateModified\":\"2026-02-10T12:33:07+00:00\",\"breadcrumb\":{\"@id\":\"https:\/\/myxomix.de\/en\/product\/getrocknete-fliegenpilze-amanita-pantherina\/#breadcrumb\"},\"inLanguage\":\"en-US\",\"potentialAction\":[{\"@type\":\"ReadAction\",\"target\":[\"https:\/\/myxomix.de\/en\/product\/getrocknete-fliegenpilze-amanita-pantherina\/\"]}]},{\"@type\":\"ImageObject\",\"inLanguage\":\"en-US\",\"@id\":\"https:\/\/myxomix.de\/en\/product\/getrocknete-fliegenpilze-amanita-pantherina\/#primaryimage\",\"url\":\"https:\/\/myxomix.de\/wp-content\/uploads\/2024\/12\/getrocknete-fliegenpilze.webp\",\"contentUrl\":\"https:\/\/myxomix.de\/wp-content\/uploads\/2024\/12\/getrocknete-fliegenpilze.webp\",\"width\":512,\"height\":512},{\"@type\":\"BreadcrumbList\",\"@id\":\"https:\/\/myxomix.de\/en\/product\/getrocknete-fliegenpilze-amanita-pantherina\/#breadcrumb\",\"itemListElement\":[{\"@type\":\"ListItem\",\"position\":1,\"name\":\"Home\",\"item\":\"https:\/\/myxomix.de\/en\/\"},{\"@type\":\"ListItem\",\"position\":2,\"name\":\"Shop\",\"item\":\"https:\/\/myxomix.de\/en\/shop\/\"},{\"@type\":\"ListItem\",\"position\":3,\"name\":\"Dried panther mushrooms (Amanita pantherina)\"}]},{\"@type\":\"WebSite\",\"@id\":\"https:\/\/myxomix.de\/en\/#website\",\"url\":\"https:\/\/myxomix.de\/en\/\",\"name\":\"Amanita muscaria shop\",\"description\":\"Wir bieten trockene, hochwertige H\u00fcte des Roten Fliegenpilzes (Amanita muscaria) an.\",\"publisher\":{\"@id\":\"https:\/\/myxomix.de\/en\/#organization\"},\"potentialAction\":[{\"@type\":\"SearchAction\",\"target\":{\"@type\":\"EntryPoint\",\"urlTemplate\":\"https:\/\/myxomix.de\/en\/?s={search_term_string}\"},\"query-input\":{\"@type\":\"PropertyValueSpecification\",\"valueRequired\":true,\"valueName\":\"search_term_string\"}}],\"inLanguage\":\"en-US\"},{\"@type\":\"Organization\",\"@id\":\"https:\/\/myxomix.de\/en\/#organization\",\"name\":\"Amanita muscaria shop\",\"url\":\"https:\/\/myxomix.de\/en\/\",\"logo\":{\"@type\":\"ImageObject\",\"inLanguage\":\"en-US\",\"@id\":\"https:\/\/myxomix.de\/en\/#\/schema\/logo\/image\/\",\"url\":\"https:\/\/myxomix.de\/wp-content\/uploads\/2024\/11\/logo-300x200-1.webp\",\"contentUrl\":\"https:\/\/myxomix.de\/wp-content\/uploads\/2024\/11\/logo-300x200-1.webp\",\"width\":303,\"height\":234,\"caption\":\"Amanita muscaria shop\"},\"image\":{\"@id\":\"https:\/\/myxomix.de\/en\/#\/schema\/logo\/image\/\"}}]}<\/script>\n<!-- \/ Yoast SEO plugin. -->","yoast_head_json":{"title":"Dried panther mushrooms (Amanita pantherina) - Amanita muscaria shop","robots":{"index":"index","follow":"follow","max-snippet":"max-snippet:-1","max-image-preview":"max-image-preview:large","max-video-preview":"max-video-preview:-1"},"canonical":"https:\/\/myxomix.de\/en\/product\/getrocknete-fliegenpilze-amanita-pantherina\/","og_locale":"en_US","og_type":"article","og_title":"Dried panther mushrooms (Amanita pantherina) - Amanita muscaria shop","og_description":"Getrocknete H\u00fcte des\u00a0Pantherpilzes\u00a0(Amanita pantherina) \u2013 ein hochwertiges Naturprodukt, gesammelt in den sauberen W\u00e4ldern Europas. Die Pilze durchlaufen einen sorgf\u00e4ltigen Trocknungsprozess in professionellen Trocknern bei einer Temperatur von 40-45 Grad, wodurch ihre nat\u00fcrlichen Eigenschaften und die Textur bewahrt werden. Dank der speziellen Verarbeitung werden die H\u00fcte ohne Luft- und Lichteinwirkung gelagert, was eine lange Haltbarkeit und gleichbleibende Qualit\u00e4t gew\u00e4hrleistet.  Bestellen Sie jetzt - der Versand innerhalb Deutschlands ist kostenlos! F\u00fcr Stammkunden halten wir einen besonderen Rabatt bereit.","og_url":"https:\/\/myxomix.de\/en\/product\/getrocknete-fliegenpilze-amanita-pantherina\/","og_site_name":"Amanita muscaria shop","article_modified_time":"2026-02-10T12:33:07+00:00","og_image":[{"width":512,"height":512,"url":"https:\/\/myxomix.de\/wp-content\/uploads\/2024\/12\/getrocknete-fliegenpilze.webp","type":"image\/webp"}],"twitter_card":"summary_large_image","twitter_misc":{"Est. reading time":"1 minute"},"schema":{"@context":"https:\/\/schema.org","@graph":[{"@type":"WebPage","@id":"https:\/\/myxomix.de\/en\/product\/getrocknete-fliegenpilze-amanita-pantherina\/","url":"https:\/\/myxomix.de\/en\/product\/getrocknete-fliegenpilze-amanita-pantherina\/","name":"Dried panther mushrooms (Amanita pantherina) - Amanita muscaria shop","isPartOf":{"@id":"https:\/\/myxomix.de\/en\/#website"},"primaryImageOfPage":{"@id":"https:\/\/myxomix.de\/en\/product\/getrocknete-fliegenpilze-amanita-pantherina\/#primaryimage"},"image":{"@id":"https:\/\/myxomix.de\/en\/product\/getrocknete-fliegenpilze-amanita-pantherina\/#primaryimage"},"thumbnailUrl":"https:\/\/myxomix.de\/wp-content\/uploads\/2024\/12\/getrocknete-fliegenpilze.webp","datePublished":"2024-12-04T19:03:08+00:00","dateModified":"2026-02-10T12:33:07+00:00","breadcrumb":{"@id":"https:\/\/myxomix.de\/en\/product\/getrocknete-fliegenpilze-amanita-pantherina\/#breadcrumb"},"inLanguage":"en-US","potentialAction":[{"@type":"ReadAction","target":["https:\/\/myxomix.de\/en\/product\/getrocknete-fliegenpilze-amanita-pantherina\/"]}]},{"@type":"ImageObject","inLanguage":"en-US","@id":"https:\/\/myxomix.de\/en\/product\/getrocknete-fliegenpilze-amanita-pantherina\/#primaryimage","url":"https:\/\/myxomix.de\/wp-content\/uploads\/2024\/12\/getrocknete-fliegenpilze.webp","contentUrl":"https:\/\/myxomix.de\/wp-content\/uploads\/2024\/12\/getrocknete-fliegenpilze.webp","width":512,"height":512},{"@type":"BreadcrumbList","@id":"https:\/\/myxomix.de\/en\/product\/getrocknete-fliegenpilze-amanita-pantherina\/#breadcrumb","itemListElement":[{"@type":"ListItem","position":1,"name":"Home","item":"https:\/\/myxomix.de\/en\/"},{"@type":"ListItem","position":2,"name":"Shop","item":"https:\/\/myxomix.de\/en\/shop\/"},{"@type":"ListItem","position":3,"name":"Dried panther mushrooms (Amanita pantherina)"}]},{"@type":"WebSite","@id":"https:\/\/myxomix.de\/en\/#website","url":"https:\/\/myxomix.de\/en\/","name":"Amanita muscaria shop","description":"Wir bieten trockene, hochwertige H\u00fcte des Roten Fliegenpilzes (Amanita muscaria) an.","publisher":{"@id":"https:\/\/myxomix.de\/en\/#organization"},"potentialAction":[{"@type":"SearchAction","target":{"@type":"EntryPoint","urlTemplate":"https:\/\/myxomix.de\/en\/?s={search_term_string}"},"query-input":{"@type":"PropertyValueSpecification","valueRequired":true,"valueName":"search_term_string"}}],"inLanguage":"en-US"},{"@type":"Organization","@id":"https:\/\/myxomix.de\/en\/#organization","name":"Amanita muscaria shop","url":"https:\/\/myxomix.de\/en\/","logo":{"@type":"ImageObject","inLanguage":"en-US","@id":"https:\/\/myxomix.de\/en\/#\/schema\/logo\/image\/","url":"https:\/\/myxomix.de\/wp-content\/uploads\/2024\/11\/logo-300x200-1.webp","contentUrl":"https:\/\/myxomix.de\/wp-content\/uploads\/2024\/11\/logo-300x200-1.webp","width":303,"height":234,"caption":"Amanita muscaria shop"},"image":{"@id":"https:\/\/myxomix.de\/en\/#\/schema\/logo\/image\/"}}]}},"_links":{"self":[{"href":"https:\/\/myxomix.de\/en\/wp-json\/wp\/v2\/product\/16512","targetHints":{"allow":["GET"]}}],"collection":[{"href":"https:\/\/myxomix.de\/en\/wp-json\/wp\/v2\/product"}],"about":[{"href":"https:\/\/myxomix.de\/en\/wp-json\/wp\/v2\/types\/product"}],"version-history":[{"count":3,"href":"https:\/\/myxomix.de\/en\/wp-json\/wp\/v2\/product\/16512\/revisions"}],"predecessor-version":[{"id":16542,"href":"https:\/\/myxomix.de\/en\/wp-json\/wp\/v2\/product\/16512\/revisions\/16542"}],"wp:featuredmedia":[{"embeddable":true,"href":"https:\/\/myxomix.de\/en\/wp-json\/wp\/v2\/media\/16414"}],"wp:attachment":[{"href":"https:\/\/myxomix.de\/en\/wp-json\/wp\/v2\/media?parent=16512"}],"wp:term":[{"taxonomy":"product_brand","embeddable":true,"href":"https:\/\/myxomix.de\/en\/wp-json\/wp\/v2\/product_brand?post=16512"},{"taxonomy":"product_cat","embeddable":true,"href":"https:\/\/myxomix.de\/en\/wp-json\/wp\/v2\/product_cat?post=16512"},{"taxonomy":"product_tag","embeddable":true,"href":"https:\/\/myxomix.de\/en\/wp-json\/wp\/v2\/product_tag?post=16512"}],"curies":[{"name":"wp","href":"https:\/\/api.w.org\/{rel}","templated":true}]}}