{"id":16688,"date":"2025-05-04T19:32:04","date_gmt":"2025-05-04T19:32:04","guid":{"rendered":"https:\/\/myxomix.de\/?post_type=product&#038;p=16688"},"modified":"2025-08-10T08:41:47","modified_gmt":"2025-08-10T08:41:47","slug":"broken-caps-of-red-fly-agaric-amanita-muscaria","status":"publish","type":"product","link":"https:\/\/myxomix.de\/en\/product\/broken-caps-of-red-fly-agaric-amanita-muscaria\/","title":{"rendered":"Broken caps of red fly agaric (Amanita muscaria)"},"content":{"rendered":"\t\t<div data-elementor-type=\"wp-post\" data-elementor-id=\"16688\" class=\"elementor elementor-16688 elementor-16683\">\n\t\t\t\t<div class=\"wd-negative-gap elementor-element elementor-element-53eea44 e-flex e-con-boxed e-con e-parent\" data-id=\"53eea44\" data-element_type=\"container\" data-e-type=\"container\">\n\t\t\t\t\t<div class=\"e-con-inner\">\n\t\t<div class=\"elementor-element elementor-element-cc8e042 e-con-full e-flex e-con e-child\" data-id=\"cc8e042\" data-element_type=\"container\" data-e-type=\"container\">\n\t\t\t\t<div class=\"elementor-element elementor-element-4a8a87a elementor-widget elementor-widget-wd_text_block\" data-id=\"4a8a87a\" data-element_type=\"widget\" data-e-type=\"widget\" data-widget_type=\"wd_text_block.default\">\n\t\t\t\t<div class=\"elementor-widget-container\">\n\t\t\t\t\t\t\t<div class=\"wd-text-block reset-last-child text-left\">\n\t\t\t\n\t\t\t<p>Special features:<\/p><ul><li>Natural product from ecologically pure regions of Europe<\/li><li>Professional drying at low temperatures<\/li><li>Perfect for collectors and aesthetes<\/li><li>Storage away from air and light<\/li><\/ul>\n\t\t\t\t\t<\/div>\n\t\t\t\t\t\t<\/div>\n\t\t\t\t<\/div>\n\t\t\t\t<\/div>\n\t\t<div class=\"elementor-element elementor-element-2136194 e-con-full e-flex e-con e-child\" data-id=\"2136194\" data-element_type=\"container\" data-e-type=\"container\">\n\t\t\t\t<div class=\"elementor-element elementor-element-04087fa elementor-widget elementor-widget-image\" data-id=\"04087fa\" data-element_type=\"widget\" data-e-type=\"widget\" data-widget_type=\"image.default\">\n\t\t\t\t<div class=\"elementor-widget-container\">\n\t\t\t\t\t\t\t\t\t\t\t\t\t\t\t<img loading=\"lazy\" decoding=\"async\" width=\"800\" height=\"800\" src=\"https:\/\/myxomix.de\/wp-content\/uploads\/2021\/08\/muh-chervonij-1sort-800x800.jpg\" class=\"attachment-large size-large wp-image-16408\" alt=\"\" srcset=\"https:\/\/myxomix.de\/wp-content\/uploads\/2021\/08\/muh-chervonij-1sort-800x800.jpg 800w, https:\/\/myxomix.de\/wp-content\/uploads\/2021\/08\/muh-chervonij-1sort-300x300.jpg 300w, https:\/\/myxomix.de\/wp-content\/uploads\/2021\/08\/muh-chervonij-1sort-150x150.jpg 150w, https:\/\/myxomix.de\/wp-content\/uploads\/2021\/08\/muh-chervonij-1sort-768x768.jpg 768w, https:\/\/myxomix.de\/wp-content\/uploads\/2021\/08\/muh-chervonij-1sort-430x430.jpg 430w, https:\/\/myxomix.de\/wp-content\/uploads\/2021\/08\/muh-chervonij-1sort-700x700.jpg 700w, https:\/\/myxomix.de\/wp-content\/uploads\/2021\/08\/muh-chervonij-1sort.jpg 1024w\" sizes=\"auto, (max-width: 800px) 100vw, 800px\" \/>\t\t\t\t\t\t\t\t\t\t\t\t\t\t\t<\/div>\n\t\t\t\t<\/div>\n\t\t\t\t<\/div>\n\t\t<div class=\"elementor-element elementor-element-8c3f522 e-con-full e-flex e-con e-child\" data-id=\"8c3f522\" data-element_type=\"container\" data-e-type=\"container\">\n\t\t\t\t<\/div>\n\t\t\t\t\t<\/div>\n\t\t\t\t<\/div>\n\t\t\t\t<\/div>\n\t\t","protected":false},"excerpt":{"rendered":"<p>Dried caps of the red fly agaric (Amanita muscaria) \u2013 a high-quality natural product, collected in the pristine forests of Europe. The mushrooms undergo a careful drying process in professional dryers at a temperature of 40-45 degrees Celsius, preserving their natural properties and texture. Thanks to special processing, the caps are stored away from air and light, ensuring long shelf life and consistent quality.<\/p>\n<p>Order now \u2013 shipping within Germany is free! We offer a special discount for regular customers.<\/p>\n","protected":false},"featured_media":16694,"template":"","meta":[],"product_brand":[],"product_cat":[90],"product_tag":[92],"class_list":{"0":"post-16688","1":"product","2":"type-product","3":"status-publish","4":"has-post-thumbnail","6":"product_cat-mushrooms","7":"product_tag-mushrooms","9":"first","10":"outofstock","11":"shipping-taxable","12":"purchasable","13":"product-type-variable","14":"has-default-attributes"},"yoast_head":"<!-- This site is optimized with the Yoast SEO plugin v27.0 - https:\/\/yoast.com\/product\/yoast-seo-wordpress\/ -->\n<title>Getrocknete Fliegenpilze kaufen | Hochwertige Qualit\u00e4t<\/title>\n<meta name=\"description\" content=\"Hochwertige getrocknete H\u00fcte des Roten Fliegenpilzes (Amanita muscaria) aus den sauberen W\u00e4ldern Europas. Schonend getrocknet bei 40-45\u00b0C zur Erhaltung der nat\u00fcrlichen Eigenschaften. Kostenloser Versand in Deutschland! Jetzt bestellen.\" \/>\n<meta name=\"robots\" content=\"index, follow, max-snippet:-1, max-image-preview:large, max-video-preview:-1\" \/>\n<link rel=\"canonical\" href=\"https:\/\/myxomix.de\/en\/product\/broken-caps-of-red-fly-agaric-amanita-muscaria\/\" \/>\n<meta property=\"og:locale\" content=\"en_US\" \/>\n<meta property=\"og:type\" content=\"article\" \/>\n<meta property=\"og:title\" content=\"Getrocknete Fliegenpilze kaufen | Hochwertige Qualit\u00e4t\" \/>\n<meta property=\"og:description\" content=\"Hochwertige getrocknete H\u00fcte des Roten Fliegenpilzes (Amanita muscaria) aus den sauberen W\u00e4ldern Europas. Schonend getrocknet bei 40-45\u00b0C zur Erhaltung der nat\u00fcrlichen Eigenschaften. Kostenloser Versand in Deutschland! Jetzt bestellen.\" \/>\n<meta property=\"og:url\" content=\"https:\/\/myxomix.de\/en\/product\/broken-caps-of-red-fly-agaric-amanita-muscaria\/\" \/>\n<meta property=\"og:site_name\" content=\"Amanita muscaria shop\" \/>\n<meta property=\"article:modified_time\" content=\"2025-08-10T08:41:47+00:00\" \/>\n<meta property=\"og:image\" content=\"https:\/\/myxomix.de\/wp-content\/uploads\/2025\/05\/abgebrochene-kappen-des-roten-fliegenpilzes.webp\" \/>\n\t<meta property=\"og:image:width\" content=\"512\" \/>\n\t<meta property=\"og:image:height\" content=\"512\" \/>\n\t<meta property=\"og:image:type\" content=\"image\/webp\" \/>\n<meta name=\"twitter:card\" content=\"summary_large_image\" \/>\n<meta name=\"twitter:label1\" content=\"Est. reading time\" \/>\n\t<meta name=\"twitter:data1\" content=\"1 minute\" \/>\n<script type=\"application\/ld+json\" class=\"yoast-schema-graph\">{\"@context\":\"https:\/\/schema.org\",\"@graph\":[{\"@type\":\"WebPage\",\"@id\":\"https:\/\/myxomix.de\/en\/product\/broken-caps-of-red-fly-agaric-amanita-muscaria\/\",\"url\":\"https:\/\/myxomix.de\/en\/product\/broken-caps-of-red-fly-agaric-amanita-muscaria\/\",\"name\":\"Getrocknete Fliegenpilze kaufen | Hochwertige Qualit\u00e4t\",\"isPartOf\":{\"@id\":\"https:\/\/myxomix.de\/en\/#website\"},\"primaryImageOfPage\":{\"@id\":\"https:\/\/myxomix.de\/en\/product\/broken-caps-of-red-fly-agaric-amanita-muscaria\/#primaryimage\"},\"image\":{\"@id\":\"https:\/\/myxomix.de\/en\/product\/broken-caps-of-red-fly-agaric-amanita-muscaria\/#primaryimage\"},\"thumbnailUrl\":\"https:\/\/myxomix.de\/wp-content\/uploads\/2025\/05\/abgebrochene-kappen-des-roten-fliegenpilzes.webp\",\"datePublished\":\"2025-05-04T19:32:04+00:00\",\"dateModified\":\"2025-08-10T08:41:47+00:00\",\"description\":\"Hochwertige getrocknete H\u00fcte des Roten Fliegenpilzes (Amanita muscaria) aus den sauberen W\u00e4ldern Europas. Schonend getrocknet bei 40-45\u00b0C zur Erhaltung der nat\u00fcrlichen Eigenschaften. Kostenloser Versand in Deutschland! Jetzt bestellen.\",\"breadcrumb\":{\"@id\":\"https:\/\/myxomix.de\/en\/product\/broken-caps-of-red-fly-agaric-amanita-muscaria\/#breadcrumb\"},\"inLanguage\":\"en-US\",\"potentialAction\":[{\"@type\":\"ReadAction\",\"target\":[\"https:\/\/myxomix.de\/en\/product\/broken-caps-of-red-fly-agaric-amanita-muscaria\/\"]}]},{\"@type\":\"ImageObject\",\"inLanguage\":\"en-US\",\"@id\":\"https:\/\/myxomix.de\/en\/product\/broken-caps-of-red-fly-agaric-amanita-muscaria\/#primaryimage\",\"url\":\"https:\/\/myxomix.de\/wp-content\/uploads\/2025\/05\/abgebrochene-kappen-des-roten-fliegenpilzes.webp\",\"contentUrl\":\"https:\/\/myxomix.de\/wp-content\/uploads\/2025\/05\/abgebrochene-kappen-des-roten-fliegenpilzes.webp\",\"width\":512,\"height\":512},{\"@type\":\"BreadcrumbList\",\"@id\":\"https:\/\/myxomix.de\/en\/product\/broken-caps-of-red-fly-agaric-amanita-muscaria\/#breadcrumb\",\"itemListElement\":[{\"@type\":\"ListItem\",\"position\":1,\"name\":\"Home\",\"item\":\"https:\/\/myxomix.de\/en\/\"},{\"@type\":\"ListItem\",\"position\":2,\"name\":\"Shop\",\"item\":\"https:\/\/myxomix.de\/en\/shop\/\"},{\"@type\":\"ListItem\",\"position\":3,\"name\":\"Broken caps of red fly agaric (Amanita muscaria)\"}]},{\"@type\":\"WebSite\",\"@id\":\"https:\/\/myxomix.de\/en\/#website\",\"url\":\"https:\/\/myxomix.de\/en\/\",\"name\":\"Amanita muscaria shop\",\"description\":\"Wir bieten trockene, hochwertige H\u00fcte des Roten Fliegenpilzes (Amanita muscaria) an.\",\"publisher\":{\"@id\":\"https:\/\/myxomix.de\/en\/#organization\"},\"potentialAction\":[{\"@type\":\"SearchAction\",\"target\":{\"@type\":\"EntryPoint\",\"urlTemplate\":\"https:\/\/myxomix.de\/en\/?s={search_term_string}\"},\"query-input\":{\"@type\":\"PropertyValueSpecification\",\"valueRequired\":true,\"valueName\":\"search_term_string\"}}],\"inLanguage\":\"en-US\"},{\"@type\":\"Organization\",\"@id\":\"https:\/\/myxomix.de\/en\/#organization\",\"name\":\"Amanita muscaria shop\",\"url\":\"https:\/\/myxomix.de\/en\/\",\"logo\":{\"@type\":\"ImageObject\",\"inLanguage\":\"en-US\",\"@id\":\"https:\/\/myxomix.de\/en\/#\/schema\/logo\/image\/\",\"url\":\"https:\/\/myxomix.de\/wp-content\/uploads\/2024\/11\/logo-300x200-1.webp\",\"contentUrl\":\"https:\/\/myxomix.de\/wp-content\/uploads\/2024\/11\/logo-300x200-1.webp\",\"width\":303,\"height\":234,\"caption\":\"Amanita muscaria shop\"},\"image\":{\"@id\":\"https:\/\/myxomix.de\/en\/#\/schema\/logo\/image\/\"}}]}<\/script>\n<!-- \/ Yoast SEO plugin. -->","yoast_head_json":{"title":"Getrocknete Fliegenpilze kaufen | Hochwertige Qualit\u00e4t","description":"Hochwertige getrocknete H\u00fcte des Roten Fliegenpilzes (Amanita muscaria) aus den sauberen W\u00e4ldern Europas. Schonend getrocknet bei 40-45\u00b0C zur Erhaltung der nat\u00fcrlichen Eigenschaften. Kostenloser Versand in Deutschland! Jetzt bestellen.","robots":{"index":"index","follow":"follow","max-snippet":"max-snippet:-1","max-image-preview":"max-image-preview:large","max-video-preview":"max-video-preview:-1"},"canonical":"https:\/\/myxomix.de\/en\/product\/broken-caps-of-red-fly-agaric-amanita-muscaria\/","og_locale":"en_US","og_type":"article","og_title":"Getrocknete Fliegenpilze kaufen | Hochwertige Qualit\u00e4t","og_description":"Hochwertige getrocknete H\u00fcte des Roten Fliegenpilzes (Amanita muscaria) aus den sauberen W\u00e4ldern Europas. Schonend getrocknet bei 40-45\u00b0C zur Erhaltung der nat\u00fcrlichen Eigenschaften. Kostenloser Versand in Deutschland! Jetzt bestellen.","og_url":"https:\/\/myxomix.de\/en\/product\/broken-caps-of-red-fly-agaric-amanita-muscaria\/","og_site_name":"Amanita muscaria shop","article_modified_time":"2025-08-10T08:41:47+00:00","og_image":[{"width":512,"height":512,"url":"https:\/\/myxomix.de\/wp-content\/uploads\/2025\/05\/abgebrochene-kappen-des-roten-fliegenpilzes.webp","type":"image\/webp"}],"twitter_card":"summary_large_image","twitter_misc":{"Est. reading time":"1 minute"},"schema":{"@context":"https:\/\/schema.org","@graph":[{"@type":"WebPage","@id":"https:\/\/myxomix.de\/en\/product\/broken-caps-of-red-fly-agaric-amanita-muscaria\/","url":"https:\/\/myxomix.de\/en\/product\/broken-caps-of-red-fly-agaric-amanita-muscaria\/","name":"Getrocknete Fliegenpilze kaufen | Hochwertige Qualit\u00e4t","isPartOf":{"@id":"https:\/\/myxomix.de\/en\/#website"},"primaryImageOfPage":{"@id":"https:\/\/myxomix.de\/en\/product\/broken-caps-of-red-fly-agaric-amanita-muscaria\/#primaryimage"},"image":{"@id":"https:\/\/myxomix.de\/en\/product\/broken-caps-of-red-fly-agaric-amanita-muscaria\/#primaryimage"},"thumbnailUrl":"https:\/\/myxomix.de\/wp-content\/uploads\/2025\/05\/abgebrochene-kappen-des-roten-fliegenpilzes.webp","datePublished":"2025-05-04T19:32:04+00:00","dateModified":"2025-08-10T08:41:47+00:00","description":"Hochwertige getrocknete H\u00fcte des Roten Fliegenpilzes (Amanita muscaria) aus den sauberen W\u00e4ldern Europas. Schonend getrocknet bei 40-45\u00b0C zur Erhaltung der nat\u00fcrlichen Eigenschaften. Kostenloser Versand in Deutschland! Jetzt bestellen.","breadcrumb":{"@id":"https:\/\/myxomix.de\/en\/product\/broken-caps-of-red-fly-agaric-amanita-muscaria\/#breadcrumb"},"inLanguage":"en-US","potentialAction":[{"@type":"ReadAction","target":["https:\/\/myxomix.de\/en\/product\/broken-caps-of-red-fly-agaric-amanita-muscaria\/"]}]},{"@type":"ImageObject","inLanguage":"en-US","@id":"https:\/\/myxomix.de\/en\/product\/broken-caps-of-red-fly-agaric-amanita-muscaria\/#primaryimage","url":"https:\/\/myxomix.de\/wp-content\/uploads\/2025\/05\/abgebrochene-kappen-des-roten-fliegenpilzes.webp","contentUrl":"https:\/\/myxomix.de\/wp-content\/uploads\/2025\/05\/abgebrochene-kappen-des-roten-fliegenpilzes.webp","width":512,"height":512},{"@type":"BreadcrumbList","@id":"https:\/\/myxomix.de\/en\/product\/broken-caps-of-red-fly-agaric-amanita-muscaria\/#breadcrumb","itemListElement":[{"@type":"ListItem","position":1,"name":"Home","item":"https:\/\/myxomix.de\/en\/"},{"@type":"ListItem","position":2,"name":"Shop","item":"https:\/\/myxomix.de\/en\/shop\/"},{"@type":"ListItem","position":3,"name":"Broken caps of red fly agaric (Amanita muscaria)"}]},{"@type":"WebSite","@id":"https:\/\/myxomix.de\/en\/#website","url":"https:\/\/myxomix.de\/en\/","name":"Amanita muscaria shop","description":"Wir bieten trockene, hochwertige H\u00fcte des Roten Fliegenpilzes (Amanita muscaria) an.","publisher":{"@id":"https:\/\/myxomix.de\/en\/#organization"},"potentialAction":[{"@type":"SearchAction","target":{"@type":"EntryPoint","urlTemplate":"https:\/\/myxomix.de\/en\/?s={search_term_string}"},"query-input":{"@type":"PropertyValueSpecification","valueRequired":true,"valueName":"search_term_string"}}],"inLanguage":"en-US"},{"@type":"Organization","@id":"https:\/\/myxomix.de\/en\/#organization","name":"Amanita muscaria shop","url":"https:\/\/myxomix.de\/en\/","logo":{"@type":"ImageObject","inLanguage":"en-US","@id":"https:\/\/myxomix.de\/en\/#\/schema\/logo\/image\/","url":"https:\/\/myxomix.de\/wp-content\/uploads\/2024\/11\/logo-300x200-1.webp","contentUrl":"https:\/\/myxomix.de\/wp-content\/uploads\/2024\/11\/logo-300x200-1.webp","width":303,"height":234,"caption":"Amanita muscaria shop"},"image":{"@id":"https:\/\/myxomix.de\/en\/#\/schema\/logo\/image\/"}}]}},"_links":{"self":[{"href":"https:\/\/myxomix.de\/en\/wp-json\/wp\/v2\/product\/16688","targetHints":{"allow":["GET"]}}],"collection":[{"href":"https:\/\/myxomix.de\/en\/wp-json\/wp\/v2\/product"}],"about":[{"href":"https:\/\/myxomix.de\/en\/wp-json\/wp\/v2\/types\/product"}],"version-history":[{"count":3,"href":"https:\/\/myxomix.de\/en\/wp-json\/wp\/v2\/product\/16688\/revisions"}],"predecessor-version":[{"id":16699,"href":"https:\/\/myxomix.de\/en\/wp-json\/wp\/v2\/product\/16688\/revisions\/16699"}],"wp:featuredmedia":[{"embeddable":true,"href":"https:\/\/myxomix.de\/en\/wp-json\/wp\/v2\/media\/16694"}],"wp:attachment":[{"href":"https:\/\/myxomix.de\/en\/wp-json\/wp\/v2\/media?parent=16688"}],"wp:term":[{"taxonomy":"product_brand","embeddable":true,"href":"https:\/\/myxomix.de\/en\/wp-json\/wp\/v2\/product_brand?post=16688"},{"taxonomy":"product_cat","embeddable":true,"href":"https:\/\/myxomix.de\/en\/wp-json\/wp\/v2\/product_cat?post=16688"},{"taxonomy":"product_tag","embeddable":true,"href":"https:\/\/myxomix.de\/en\/wp-json\/wp\/v2\/product_tag?post=16688"}],"curies":[{"name":"wp","href":"https:\/\/api.w.org\/{rel}","templated":true}]}}